{"id":149,"date":"2026-04-16T09:18:22","date_gmt":"2026-04-16T08:18:22","guid":{"rendered":"https:\/\/5.wpa.dk\/?post_type=product&#038;p=149"},"modified":"2026-04-16T09:20:49","modified_gmt":"2026-04-16T08:20:49","slug":"linoliumstryk","status":"publish","type":"product","link":"https:\/\/5.wpa.dk\/?product=linoliumstryk","title":{"rendered":"Linoliumstryk"},"content":{"rendered":"<p>A4<br \/>\nDette tryk er\u00a0 i farven aubergine, der findes i alt 11 forskellige designs i denne kollektion.<\/p>\n<p>Trykkene er h\u00e5ndlavet og dermed b\u00e5de unika og sm\u00e5 forskelle kan forkomme fra tryk til tryk.<\/p>\n","protected":false},"excerpt":{"rendered":"<p>A4 Dette tryk er\u00a0 i farven aubergine, der findes i alt 11 forskellige designs i denne kollektion. Trykkene er h\u00e5ndlavet og dermed b\u00e5de unika og sm\u00e5 forskelle kan forkomme fra tryk til tryk.<\/p>\n","protected":false},"featured_media":151,"comment_status":"open","ping_status":"closed","template":"","meta":[],"product_brand":[],"product_cat":[18],"product_tag":[],"class_list":{"0":"post-149","1":"product","2":"type-product","3":"status-publish","4":"has-post-thumbnail","6":"product_cat-linoliumstryk","8":"first","9":"instock","10":"shipping-taxable","11":"purchasable","12":"product-type-simple"},"yoast_head":"<!-- This site is optimized with the Yoast SEO plugin v27.4 - https:\/\/yoast.com\/product\/yoast-seo-wordpress\/ -->\n<title>Linoliumstryk - Testside til SculptureMe<\/title>\n<meta name=\"robots\" content=\"noindex, follow, max-snippet:-1, max-image-preview:large, max-video-preview:-1\" \/>\n<meta property=\"og:locale\" content=\"da_DK\" \/>\n<meta property=\"og:type\" content=\"article\" \/>\n<meta property=\"og:title\" content=\"Linoliumstryk - Testside til SculptureMe\" \/>\n<meta property=\"og:description\" content=\"A4 Dette tryk er\u00a0 i farven aubergine, der findes i alt 11 forskellige designs i denne kollektion. Trykkene er h\u00e5ndlavet og dermed b\u00e5de unika og sm\u00e5 forskelle kan forkomme fra tryk til tryk.\" \/>\n<meta property=\"og:url\" content=\"https:\/\/5.wpa.dk\/?product=linoliumstryk\" \/>\n<meta property=\"og:site_name\" content=\"Testside til SculptureMe\" \/>\n<meta property=\"article:modified_time\" content=\"2026-04-16T08:20:49+00:00\" \/>\n<meta property=\"og:image\" content=\"https:\/\/5.wpa.dk\/wp-content\/uploads\/2026\/04\/Billede-Linoliumstryk2.webp\" \/>\n\t<meta property=\"og:image:width\" content=\"960\" \/>\n\t<meta property=\"og:image:height\" content=\"1370\" \/>\n\t<meta property=\"og:image:type\" content=\"image\/webp\" \/>\n<meta name=\"twitter:card\" content=\"summary_large_image\" \/>\n<script type=\"application\/ld+json\" class=\"yoast-schema-graph\">{\"@context\":\"https:\\\/\\\/schema.org\",\"@graph\":[{\"@type\":\"WebPage\",\"@id\":\"https:\\\/\\\/5.wpa.dk\\\/?product=linoliumstryk\",\"url\":\"https:\\\/\\\/5.wpa.dk\\\/?product=linoliumstryk\",\"name\":\"Linoliumstryk - Testside til SculptureMe\",\"isPartOf\":{\"@id\":\"https:\\\/\\\/5.wpa.dk\\\/#website\"},\"primaryImageOfPage\":{\"@id\":\"https:\\\/\\\/5.wpa.dk\\\/?product=linoliumstryk#primaryimage\"},\"image\":{\"@id\":\"https:\\\/\\\/5.wpa.dk\\\/?product=linoliumstryk#primaryimage\"},\"thumbnailUrl\":\"https:\\\/\\\/5.wpa.dk\\\/wp-content\\\/uploads\\\/2026\\\/04\\\/Billede-Linoliumstryk2.webp\",\"datePublished\":\"2026-04-16T08:18:22+00:00\",\"dateModified\":\"2026-04-16T08:20:49+00:00\",\"breadcrumb\":{\"@id\":\"https:\\\/\\\/5.wpa.dk\\\/?product=linoliumstryk#breadcrumb\"},\"inLanguage\":\"da-DK\",\"potentialAction\":[{\"@type\":\"ReadAction\",\"target\":[\"https:\\\/\\\/5.wpa.dk\\\/?product=linoliumstryk\"]}]},{\"@type\":\"ImageObject\",\"inLanguage\":\"da-DK\",\"@id\":\"https:\\\/\\\/5.wpa.dk\\\/?product=linoliumstryk#primaryimage\",\"url\":\"https:\\\/\\\/5.wpa.dk\\\/wp-content\\\/uploads\\\/2026\\\/04\\\/Billede-Linoliumstryk2.webp\",\"contentUrl\":\"https:\\\/\\\/5.wpa.dk\\\/wp-content\\\/uploads\\\/2026\\\/04\\\/Billede-Linoliumstryk2.webp\",\"width\":960,\"height\":1370},{\"@type\":\"BreadcrumbList\",\"@id\":\"https:\\\/\\\/5.wpa.dk\\\/?product=linoliumstryk#breadcrumb\",\"itemListElement\":[{\"@type\":\"ListItem\",\"position\":1,\"name\":\"Hjem\",\"item\":\"https:\\\/\\\/5.wpa.dk\\\/\"},{\"@type\":\"ListItem\",\"position\":2,\"name\":\"K\u00f8b v\u00e6gkunst\",\"item\":\"https:\\\/\\\/5.wpa.dk\\\/?page_id=144\"},{\"@type\":\"ListItem\",\"position\":3,\"name\":\"Linoliumstryk\"}]},{\"@type\":\"WebSite\",\"@id\":\"https:\\\/\\\/5.wpa.dk\\\/#website\",\"url\":\"https:\\\/\\\/5.wpa.dk\\\/\",\"name\":\"Testside til SculptureMe\",\"description\":\"En beskrivelse af webstedet\",\"potentialAction\":[{\"@type\":\"SearchAction\",\"target\":{\"@type\":\"EntryPoint\",\"urlTemplate\":\"https:\\\/\\\/5.wpa.dk\\\/?s={search_term_string}\"},\"query-input\":{\"@type\":\"PropertyValueSpecification\",\"valueRequired\":true,\"valueName\":\"search_term_string\"}}],\"inLanguage\":\"da-DK\"}]}<\/script>\n<!-- \/ Yoast SEO plugin. -->","yoast_head_json":{"title":"Linoliumstryk - Testside til SculptureMe","robots":{"index":"noindex","follow":"follow","max-snippet":"max-snippet:-1","max-image-preview":"max-image-preview:large","max-video-preview":"max-video-preview:-1"},"og_locale":"da_DK","og_type":"article","og_title":"Linoliumstryk - Testside til SculptureMe","og_description":"A4 Dette tryk er\u00a0 i farven aubergine, der findes i alt 11 forskellige designs i denne kollektion. Trykkene er h\u00e5ndlavet og dermed b\u00e5de unika og sm\u00e5 forskelle kan forkomme fra tryk til tryk.","og_url":"https:\/\/5.wpa.dk\/?product=linoliumstryk","og_site_name":"Testside til SculptureMe","article_modified_time":"2026-04-16T08:20:49+00:00","og_image":[{"width":960,"height":1370,"url":"https:\/\/5.wpa.dk\/wp-content\/uploads\/2026\/04\/Billede-Linoliumstryk2.webp","type":"image\/webp"}],"twitter_card":"summary_large_image","schema":{"@context":"https:\/\/schema.org","@graph":[{"@type":"WebPage","@id":"https:\/\/5.wpa.dk\/?product=linoliumstryk","url":"https:\/\/5.wpa.dk\/?product=linoliumstryk","name":"Linoliumstryk - Testside til SculptureMe","isPartOf":{"@id":"https:\/\/5.wpa.dk\/#website"},"primaryImageOfPage":{"@id":"https:\/\/5.wpa.dk\/?product=linoliumstryk#primaryimage"},"image":{"@id":"https:\/\/5.wpa.dk\/?product=linoliumstryk#primaryimage"},"thumbnailUrl":"https:\/\/5.wpa.dk\/wp-content\/uploads\/2026\/04\/Billede-Linoliumstryk2.webp","datePublished":"2026-04-16T08:18:22+00:00","dateModified":"2026-04-16T08:20:49+00:00","breadcrumb":{"@id":"https:\/\/5.wpa.dk\/?product=linoliumstryk#breadcrumb"},"inLanguage":"da-DK","potentialAction":[{"@type":"ReadAction","target":["https:\/\/5.wpa.dk\/?product=linoliumstryk"]}]},{"@type":"ImageObject","inLanguage":"da-DK","@id":"https:\/\/5.wpa.dk\/?product=linoliumstryk#primaryimage","url":"https:\/\/5.wpa.dk\/wp-content\/uploads\/2026\/04\/Billede-Linoliumstryk2.webp","contentUrl":"https:\/\/5.wpa.dk\/wp-content\/uploads\/2026\/04\/Billede-Linoliumstryk2.webp","width":960,"height":1370},{"@type":"BreadcrumbList","@id":"https:\/\/5.wpa.dk\/?product=linoliumstryk#breadcrumb","itemListElement":[{"@type":"ListItem","position":1,"name":"Hjem","item":"https:\/\/5.wpa.dk\/"},{"@type":"ListItem","position":2,"name":"K\u00f8b v\u00e6gkunst","item":"https:\/\/5.wpa.dk\/?page_id=144"},{"@type":"ListItem","position":3,"name":"Linoliumstryk"}]},{"@type":"WebSite","@id":"https:\/\/5.wpa.dk\/#website","url":"https:\/\/5.wpa.dk\/","name":"Testside til SculptureMe","description":"En beskrivelse af webstedet","potentialAction":[{"@type":"SearchAction","target":{"@type":"EntryPoint","urlTemplate":"https:\/\/5.wpa.dk\/?s={search_term_string}"},"query-input":{"@type":"PropertyValueSpecification","valueRequired":true,"valueName":"search_term_string"}}],"inLanguage":"da-DK"}]}},"_links":{"self":[{"href":"https:\/\/5.wpa.dk\/index.php?rest_route=\/wp\/v2\/product\/149","targetHints":{"allow":["GET"]}}],"collection":[{"href":"https:\/\/5.wpa.dk\/index.php?rest_route=\/wp\/v2\/product"}],"about":[{"href":"https:\/\/5.wpa.dk\/index.php?rest_route=\/wp\/v2\/types\/product"}],"replies":[{"embeddable":true,"href":"https:\/\/5.wpa.dk\/index.php?rest_route=%2Fwp%2Fv2%2Fcomments&post=149"}],"wp:featuredmedia":[{"embeddable":true,"href":"https:\/\/5.wpa.dk\/index.php?rest_route=\/wp\/v2\/media\/151"}],"wp:attachment":[{"href":"https:\/\/5.wpa.dk\/index.php?rest_route=%2Fwp%2Fv2%2Fmedia&parent=149"}],"wp:term":[{"taxonomy":"product_brand","embeddable":true,"href":"https:\/\/5.wpa.dk\/index.php?rest_route=%2Fwp%2Fv2%2Fproduct_brand&post=149"},{"taxonomy":"product_cat","embeddable":true,"href":"https:\/\/5.wpa.dk\/index.php?rest_route=%2Fwp%2Fv2%2Fproduct_cat&post=149"},{"taxonomy":"product_tag","embeddable":true,"href":"https:\/\/5.wpa.dk\/index.php?rest_route=%2Fwp%2Fv2%2Fproduct_tag&post=149"}],"curies":[{"name":"wp","href":"https:\/\/api.w.org\/{rel}","templated":true}]}}