{"id":152,"date":"2026-04-16T09:25:43","date_gmt":"2026-04-16T08:25:43","guid":{"rendered":"https:\/\/5.wpa.dk\/?post_type=product&#038;p=152"},"modified":"2026-04-16T09:26:20","modified_gmt":"2026-04-16T08:26:20","slug":"linoliumstryk-the-blue-room","status":"publish","type":"product","link":"https:\/\/5.wpa.dk\/?product=linoliumstryk-the-blue-room","title":{"rendered":"Linoliumstryk &#8211; The Blue room"},"content":{"rendered":"<p>V\u00e6rket er gennemg\u00e5et og trykt i Kr\u00e6ss Print Studio i samarbejde med kunstneren. Vi s\u00f8rger for at trykkvalitet, farver og papir er i den bedst mulige kvalitet, og at kunstneren bliver betalt for hvert eneste eksemplar solgt. P\u00e5 den m\u00e5de sikrer vi kreativitet og kvalitet for b\u00e5de kunstner og kunde.<\/p>\n","protected":false},"excerpt":{"rendered":"<p>V\u00e6rket er gennemg\u00e5et og trykt i Kr\u00e6ss Print Studio i samarbejde med kunstneren. Vi s\u00f8rger for at trykkvalitet, farver og papir er i den bedst mulige kvalitet, og at kunstneren bliver betalt for hvert eneste eksemplar solgt. P\u00e5 den m\u00e5de sikrer vi kreativitet og kvalitet for b\u00e5de kunstner og kunde.<\/p>\n","protected":false},"featured_media":153,"comment_status":"open","ping_status":"closed","template":"","meta":[],"product_brand":[],"product_cat":[18,17],"product_tag":[],"class_list":{"0":"post-152","1":"product","2":"type-product","3":"status-publish","4":"has-post-thumbnail","6":"product_cat-linoliumstryk","7":"product_cat-ukategoriseret","9":"first","10":"instock","11":"shipping-taxable","12":"purchasable","13":"product-type-simple"},"yoast_head":"<!-- This site is optimized with the Yoast SEO plugin v27.4 - https:\/\/yoast.com\/product\/yoast-seo-wordpress\/ -->\n<title>Linoliumstryk - The Blue room - Testside til SculptureMe<\/title>\n<meta name=\"robots\" content=\"noindex, follow, max-snippet:-1, max-image-preview:large, max-video-preview:-1\" \/>\n<meta property=\"og:locale\" content=\"da_DK\" \/>\n<meta property=\"og:type\" content=\"article\" \/>\n<meta property=\"og:title\" content=\"Linoliumstryk - The Blue room - Testside til SculptureMe\" \/>\n<meta property=\"og:description\" content=\"V\u00e6rket er gennemg\u00e5et og trykt i Kr\u00e6ss Print Studio i samarbejde med kunstneren. Vi s\u00f8rger for at trykkvalitet, farver og papir er i den bedst mulige kvalitet, og at kunstneren bliver betalt for hvert eneste eksemplar solgt. P\u00e5 den m\u00e5de sikrer vi kreativitet og kvalitet for b\u00e5de kunstner og kunde.\" \/>\n<meta property=\"og:url\" content=\"https:\/\/5.wpa.dk\/?product=linoliumstryk-the-blue-room\" \/>\n<meta property=\"og:site_name\" content=\"Testside til SculptureMe\" \/>\n<meta property=\"article:modified_time\" content=\"2026-04-16T08:26:20+00:00\" \/>\n<meta property=\"og:image\" content=\"https:\/\/5.wpa.dk\/wp-content\/uploads\/2026\/04\/Billede-Linoliumstryk3.jpg\" \/>\n\t<meta property=\"og:image:width\" content=\"990\" \/>\n\t<meta property=\"og:image:height\" content=\"1400\" \/>\n\t<meta property=\"og:image:type\" content=\"image\/jpeg\" \/>\n<meta name=\"twitter:card\" content=\"summary_large_image\" \/>\n<script type=\"application\/ld+json\" class=\"yoast-schema-graph\">{\"@context\":\"https:\\\/\\\/schema.org\",\"@graph\":[{\"@type\":\"WebPage\",\"@id\":\"https:\\\/\\\/5.wpa.dk\\\/?product=linoliumstryk-the-blue-room\",\"url\":\"https:\\\/\\\/5.wpa.dk\\\/?product=linoliumstryk-the-blue-room\",\"name\":\"Linoliumstryk - The Blue room - Testside til SculptureMe\",\"isPartOf\":{\"@id\":\"https:\\\/\\\/5.wpa.dk\\\/#website\"},\"primaryImageOfPage\":{\"@id\":\"https:\\\/\\\/5.wpa.dk\\\/?product=linoliumstryk-the-blue-room#primaryimage\"},\"image\":{\"@id\":\"https:\\\/\\\/5.wpa.dk\\\/?product=linoliumstryk-the-blue-room#primaryimage\"},\"thumbnailUrl\":\"https:\\\/\\\/5.wpa.dk\\\/wp-content\\\/uploads\\\/2026\\\/04\\\/Billede-Linoliumstryk3.jpg\",\"datePublished\":\"2026-04-16T08:25:43+00:00\",\"dateModified\":\"2026-04-16T08:26:20+00:00\",\"breadcrumb\":{\"@id\":\"https:\\\/\\\/5.wpa.dk\\\/?product=linoliumstryk-the-blue-room#breadcrumb\"},\"inLanguage\":\"da-DK\",\"potentialAction\":[{\"@type\":\"ReadAction\",\"target\":[\"https:\\\/\\\/5.wpa.dk\\\/?product=linoliumstryk-the-blue-room\"]}]},{\"@type\":\"ImageObject\",\"inLanguage\":\"da-DK\",\"@id\":\"https:\\\/\\\/5.wpa.dk\\\/?product=linoliumstryk-the-blue-room#primaryimage\",\"url\":\"https:\\\/\\\/5.wpa.dk\\\/wp-content\\\/uploads\\\/2026\\\/04\\\/Billede-Linoliumstryk3.jpg\",\"contentUrl\":\"https:\\\/\\\/5.wpa.dk\\\/wp-content\\\/uploads\\\/2026\\\/04\\\/Billede-Linoliumstryk3.jpg\",\"width\":990,\"height\":1400,\"caption\":\"Bl\u00e5t litografi\"},{\"@type\":\"BreadcrumbList\",\"@id\":\"https:\\\/\\\/5.wpa.dk\\\/?product=linoliumstryk-the-blue-room#breadcrumb\",\"itemListElement\":[{\"@type\":\"ListItem\",\"position\":1,\"name\":\"Hjem\",\"item\":\"https:\\\/\\\/5.wpa.dk\\\/\"},{\"@type\":\"ListItem\",\"position\":2,\"name\":\"K\u00f8b v\u00e6gkunst\",\"item\":\"https:\\\/\\\/5.wpa.dk\\\/?page_id=144\"},{\"@type\":\"ListItem\",\"position\":3,\"name\":\"Linoliumstryk &#8211; The Blue room\"}]},{\"@type\":\"WebSite\",\"@id\":\"https:\\\/\\\/5.wpa.dk\\\/#website\",\"url\":\"https:\\\/\\\/5.wpa.dk\\\/\",\"name\":\"Testside til SculptureMe\",\"description\":\"En beskrivelse af webstedet\",\"potentialAction\":[{\"@type\":\"SearchAction\",\"target\":{\"@type\":\"EntryPoint\",\"urlTemplate\":\"https:\\\/\\\/5.wpa.dk\\\/?s={search_term_string}\"},\"query-input\":{\"@type\":\"PropertyValueSpecification\",\"valueRequired\":true,\"valueName\":\"search_term_string\"}}],\"inLanguage\":\"da-DK\"}]}<\/script>\n<!-- \/ Yoast SEO plugin. -->","yoast_head_json":{"title":"Linoliumstryk - The Blue room - Testside til SculptureMe","robots":{"index":"noindex","follow":"follow","max-snippet":"max-snippet:-1","max-image-preview":"max-image-preview:large","max-video-preview":"max-video-preview:-1"},"og_locale":"da_DK","og_type":"article","og_title":"Linoliumstryk - The Blue room - Testside til SculptureMe","og_description":"V\u00e6rket er gennemg\u00e5et og trykt i Kr\u00e6ss Print Studio i samarbejde med kunstneren. Vi s\u00f8rger for at trykkvalitet, farver og papir er i den bedst mulige kvalitet, og at kunstneren bliver betalt for hvert eneste eksemplar solgt. P\u00e5 den m\u00e5de sikrer vi kreativitet og kvalitet for b\u00e5de kunstner og kunde.","og_url":"https:\/\/5.wpa.dk\/?product=linoliumstryk-the-blue-room","og_site_name":"Testside til SculptureMe","article_modified_time":"2026-04-16T08:26:20+00:00","og_image":[{"width":990,"height":1400,"url":"https:\/\/5.wpa.dk\/wp-content\/uploads\/2026\/04\/Billede-Linoliumstryk3.jpg","type":"image\/jpeg"}],"twitter_card":"summary_large_image","schema":{"@context":"https:\/\/schema.org","@graph":[{"@type":"WebPage","@id":"https:\/\/5.wpa.dk\/?product=linoliumstryk-the-blue-room","url":"https:\/\/5.wpa.dk\/?product=linoliumstryk-the-blue-room","name":"Linoliumstryk - The Blue room - Testside til SculptureMe","isPartOf":{"@id":"https:\/\/5.wpa.dk\/#website"},"primaryImageOfPage":{"@id":"https:\/\/5.wpa.dk\/?product=linoliumstryk-the-blue-room#primaryimage"},"image":{"@id":"https:\/\/5.wpa.dk\/?product=linoliumstryk-the-blue-room#primaryimage"},"thumbnailUrl":"https:\/\/5.wpa.dk\/wp-content\/uploads\/2026\/04\/Billede-Linoliumstryk3.jpg","datePublished":"2026-04-16T08:25:43+00:00","dateModified":"2026-04-16T08:26:20+00:00","breadcrumb":{"@id":"https:\/\/5.wpa.dk\/?product=linoliumstryk-the-blue-room#breadcrumb"},"inLanguage":"da-DK","potentialAction":[{"@type":"ReadAction","target":["https:\/\/5.wpa.dk\/?product=linoliumstryk-the-blue-room"]}]},{"@type":"ImageObject","inLanguage":"da-DK","@id":"https:\/\/5.wpa.dk\/?product=linoliumstryk-the-blue-room#primaryimage","url":"https:\/\/5.wpa.dk\/wp-content\/uploads\/2026\/04\/Billede-Linoliumstryk3.jpg","contentUrl":"https:\/\/5.wpa.dk\/wp-content\/uploads\/2026\/04\/Billede-Linoliumstryk3.jpg","width":990,"height":1400,"caption":"Bl\u00e5t litografi"},{"@type":"BreadcrumbList","@id":"https:\/\/5.wpa.dk\/?product=linoliumstryk-the-blue-room#breadcrumb","itemListElement":[{"@type":"ListItem","position":1,"name":"Hjem","item":"https:\/\/5.wpa.dk\/"},{"@type":"ListItem","position":2,"name":"K\u00f8b v\u00e6gkunst","item":"https:\/\/5.wpa.dk\/?page_id=144"},{"@type":"ListItem","position":3,"name":"Linoliumstryk &#8211; The Blue room"}]},{"@type":"WebSite","@id":"https:\/\/5.wpa.dk\/#website","url":"https:\/\/5.wpa.dk\/","name":"Testside til SculptureMe","description":"En beskrivelse af webstedet","potentialAction":[{"@type":"SearchAction","target":{"@type":"EntryPoint","urlTemplate":"https:\/\/5.wpa.dk\/?s={search_term_string}"},"query-input":{"@type":"PropertyValueSpecification","valueRequired":true,"valueName":"search_term_string"}}],"inLanguage":"da-DK"}]}},"_links":{"self":[{"href":"https:\/\/5.wpa.dk\/index.php?rest_route=\/wp\/v2\/product\/152","targetHints":{"allow":["GET"]}}],"collection":[{"href":"https:\/\/5.wpa.dk\/index.php?rest_route=\/wp\/v2\/product"}],"about":[{"href":"https:\/\/5.wpa.dk\/index.php?rest_route=\/wp\/v2\/types\/product"}],"replies":[{"embeddable":true,"href":"https:\/\/5.wpa.dk\/index.php?rest_route=%2Fwp%2Fv2%2Fcomments&post=152"}],"wp:featuredmedia":[{"embeddable":true,"href":"https:\/\/5.wpa.dk\/index.php?rest_route=\/wp\/v2\/media\/153"}],"wp:attachment":[{"href":"https:\/\/5.wpa.dk\/index.php?rest_route=%2Fwp%2Fv2%2Fmedia&parent=152"}],"wp:term":[{"taxonomy":"product_brand","embeddable":true,"href":"https:\/\/5.wpa.dk\/index.php?rest_route=%2Fwp%2Fv2%2Fproduct_brand&post=152"},{"taxonomy":"product_cat","embeddable":true,"href":"https:\/\/5.wpa.dk\/index.php?rest_route=%2Fwp%2Fv2%2Fproduct_cat&post=152"},{"taxonomy":"product_tag","embeddable":true,"href":"https:\/\/5.wpa.dk\/index.php?rest_route=%2Fwp%2Fv2%2Fproduct_tag&post=152"}],"curies":[{"name":"wp","href":"https:\/\/api.w.org\/{rel}","templated":true}]}}